{"id":51,"date":"2018-12-30T16:57:23","date_gmt":"2018-12-30T15:57:23","guid":{"rendered":"https:\/\/physio-sonjaburri.ch\/?page_id=51"},"modified":"2022-09-19T10:11:54","modified_gmt":"2022-09-19T09:11:54","slug":"ueber-mich","status":"publish","type":"page","link":"https:\/\/physio-sonjaburri.ch\/?page_id=51","title":{"rendered":"\u00dcber mich"},"content":{"rendered":"\n<p>Nach meiner Ausbildung zur dipl. Physiotherapeutin FH arbeitete ich in einer Privatpraxis in Belp. Seit 2019 bin ich selbstst\u00e4ndig in R\u00fceggisberg t\u00e4tig. Ich habe grosse Freude an meinem Beruf und hoffe durch die Zusammenarbeit in Therapien Goffers meine F\u00e4higkeiten weiter ausbauen zu k\u00f6nnen.<\/p>\n\n\n\n<figure class=\"wp-block-image is-resized\"><img loading=\"lazy\" decoding=\"async\" src=\"https:\/\/physio-sonjaburri.ch\/wp-content\/uploads\/2019\/03\/Portrait-1024x1024.jpeg\" alt=\"\" class=\"wp-image-113\" width=\"292\" height=\"292\" srcset=\"https:\/\/physio-sonjaburri.ch\/wp-content\/uploads\/2019\/03\/Portrait-1024x1024.jpeg 1024w, https:\/\/physio-sonjaburri.ch\/wp-content\/uploads\/2019\/03\/Portrait-150x150.jpeg 150w, https:\/\/physio-sonjaburri.ch\/wp-content\/uploads\/2019\/03\/Portrait-300x300.jpeg 300w, https:\/\/physio-sonjaburri.ch\/wp-content\/uploads\/2019\/03\/Portrait-768x768.jpeg 768w, https:\/\/physio-sonjaburri.ch\/wp-content\/uploads\/2019\/03\/Portrait-100x100.jpeg 100w\" sizes=\"auto, (max-width: 292px) 100vw, 292px\" \/><\/figure>\n\n\n\n<p><strong>Aus- und Weiterbildungen<\/strong><\/p>\n\n\n\n<p>2015: Bachelor of Science in Physiotherapie an der SUPSI Landquart<br><\/p>\n\n\n\n<p>2016\/17: Fascial Performance und Myofascial Taping nach Markus Erhard (Basic und Advanced)<\/p>\n\n\n\n<p>2018: Certificat of Advanced Studies (CAS) in Manuelle Therapie SAMT Basic<br><\/p>\n\n\n\n<p>2017\/19: Dry Needling (Top 30, Advanced Lower Body und Advanced Upper Body an der DGSA)<\/p>\n\n\n\n<p>2019: Schwindel- und Vestibulartherapie (IVRT)<\/p>\n\n\n\n<p>2022: Certificat of Advanced Studies (CAS) in Manuelle Therapie SAMT Advanced<\/p>\n","protected":false},"excerpt":{"rendered":"<p>Nach meiner Ausbildung zur dipl. Physiotherapeutin FH arbeitete ich in einer Privatpraxis in Belp. Seit 2019 bin ich selbstst\u00e4ndig in R\u00fceggisberg t\u00e4tig. Ich habe grosse Freude an meinem Beruf und hoffe durch die Zusammenarbeit in Therapien Goffers meine F\u00e4higkeiten weiter ausbauen zu k\u00f6nnen. Aus- und Weiterbildungen 2015: Bachelor of Science in Physiotherapie an der SUPSI &hellip; <\/p>\n<p class=\"link-more\"><a href=\"https:\/\/physio-sonjaburri.ch\/?page_id=51\" class=\"more-link\"><span class=\"screen-reader-text\">\u201e\u00dcber mich\u201c <\/span>weiterlesen<\/a><\/p>\n","protected":false},"author":2,"featured_media":0,"parent":0,"menu_order":0,"comment_status":"closed","ping_status":"closed","template":"","meta":{"footnotes":""},"class_list":["post-51","page","type-page","status-publish","hentry"],"yoast_head":"<!-- This site is optimized with the Yoast SEO plugin v27.4 - https:\/\/yoast.com\/product\/yoast-seo-wordpress\/ -->\n<title>\u00dcber mich - Physiotherapie Sonja Burri<\/title>\n<meta name=\"robots\" content=\"index, follow, max-snippet:-1, max-image-preview:large, max-video-preview:-1\" \/>\n<link rel=\"canonical\" href=\"https:\/\/physio-sonjaburri.ch\/?page_id=51\" \/>\n<meta property=\"og:locale\" content=\"de_DE\" \/>\n<meta property=\"og:type\" content=\"article\" \/>\n<meta property=\"og:title\" content=\"\u00dcber mich - Physiotherapie Sonja Burri\" \/>\n<meta property=\"og:description\" content=\"Nach meiner Ausbildung zur dipl. Physiotherapeutin FH arbeitete ich in einer Privatpraxis in Belp. Seit 2019 bin ich selbstst\u00e4ndig in R\u00fceggisberg t\u00e4tig. Ich habe grosse Freude an meinem Beruf und hoffe durch die Zusammenarbeit in Therapien Goffers meine F\u00e4higkeiten weiter ausbauen zu k\u00f6nnen. Aus- und Weiterbildungen 2015: Bachelor of Science in Physiotherapie an der SUPSI &hellip; \u201e\u00dcber mich\u201c weiterlesen\" \/>\n<meta property=\"og:url\" content=\"https:\/\/physio-sonjaburri.ch\/?page_id=51\" \/>\n<meta property=\"og:site_name\" content=\"Physiotherapie Sonja Burri\" \/>\n<meta property=\"article:publisher\" content=\"https:\/\/www.facebook.com\/Physiotherapie-Sonja-Burri-2219405908318278\/\" \/>\n<meta property=\"article:modified_time\" content=\"2022-09-19T09:11:54+00:00\" \/>\n<meta property=\"og:image\" content=\"https:\/\/physio-sonjaburri.ch\/wp-content\/uploads\/2019\/03\/Portrait-1024x1024.jpeg\" \/>\n<meta name=\"twitter:card\" content=\"summary_large_image\" \/>\n<meta name=\"twitter:label1\" content=\"Gesch\u00e4tzte Lesezeit\" \/>\n\t<meta name=\"twitter:data1\" content=\"1\u00a0Minute\" \/>\n<script type=\"application\/ld+json\" class=\"yoast-schema-graph\">{\"@context\":\"https:\\\/\\\/schema.org\",\"@graph\":[{\"@type\":\"WebPage\",\"@id\":\"https:\\\/\\\/physio-sonjaburri.ch\\\/?page_id=51\",\"url\":\"https:\\\/\\\/physio-sonjaburri.ch\\\/?page_id=51\",\"name\":\"\u00dcber mich - Physiotherapie Sonja Burri\",\"isPartOf\":{\"@id\":\"https:\\\/\\\/physio-sonjaburri.ch\\\/#website\"},\"primaryImageOfPage\":{\"@id\":\"https:\\\/\\\/physio-sonjaburri.ch\\\/?page_id=51#primaryimage\"},\"image\":{\"@id\":\"https:\\\/\\\/physio-sonjaburri.ch\\\/?page_id=51#primaryimage\"},\"thumbnailUrl\":\"https:\\\/\\\/physio-sonjaburri.ch\\\/wp-content\\\/uploads\\\/2019\\\/03\\\/Portrait-1024x1024.jpeg\",\"datePublished\":\"2018-12-30T15:57:23+00:00\",\"dateModified\":\"2022-09-19T09:11:54+00:00\",\"breadcrumb\":{\"@id\":\"https:\\\/\\\/physio-sonjaburri.ch\\\/?page_id=51#breadcrumb\"},\"inLanguage\":\"de\",\"potentialAction\":[{\"@type\":\"ReadAction\",\"target\":[\"https:\\\/\\\/physio-sonjaburri.ch\\\/?page_id=51\"]}]},{\"@type\":\"ImageObject\",\"inLanguage\":\"de\",\"@id\":\"https:\\\/\\\/physio-sonjaburri.ch\\\/?page_id=51#primaryimage\",\"url\":\"https:\\\/\\\/physio-sonjaburri.ch\\\/wp-content\\\/uploads\\\/2019\\\/03\\\/Portrait.jpeg\",\"contentUrl\":\"https:\\\/\\\/physio-sonjaburri.ch\\\/wp-content\\\/uploads\\\/2019\\\/03\\\/Portrait.jpeg\",\"width\":3330,\"height\":3330},{\"@type\":\"BreadcrumbList\",\"@id\":\"https:\\\/\\\/physio-sonjaburri.ch\\\/?page_id=51#breadcrumb\",\"itemListElement\":[{\"@type\":\"ListItem\",\"position\":1,\"name\":\"Startseite\",\"item\":\"https:\\\/\\\/physio-sonjaburri.ch\\\/\"},{\"@type\":\"ListItem\",\"position\":2,\"name\":\"\u00dcber mich\"}]},{\"@type\":\"WebSite\",\"@id\":\"https:\\\/\\\/physio-sonjaburri.ch\\\/#website\",\"url\":\"https:\\\/\\\/physio-sonjaburri.ch\\\/\",\"name\":\"Physiotherapie Sonja Burri\",\"description\":\"\",\"publisher\":{\"@id\":\"https:\\\/\\\/physio-sonjaburri.ch\\\/#organization\"},\"potentialAction\":[{\"@type\":\"SearchAction\",\"target\":{\"@type\":\"EntryPoint\",\"urlTemplate\":\"https:\\\/\\\/physio-sonjaburri.ch\\\/?s={search_term_string}\"},\"query-input\":{\"@type\":\"PropertyValueSpecification\",\"valueRequired\":true,\"valueName\":\"search_term_string\"}}],\"inLanguage\":\"de\"},{\"@type\":\"Organization\",\"@id\":\"https:\\\/\\\/physio-sonjaburri.ch\\\/#organization\",\"name\":\"Physiotherapie Sonja Burri\",\"url\":\"https:\\\/\\\/physio-sonjaburri.ch\\\/\",\"logo\":{\"@type\":\"ImageObject\",\"inLanguage\":\"de\",\"@id\":\"https:\\\/\\\/physio-sonjaburri.ch\\\/#\\\/schema\\\/logo\\\/image\\\/\",\"url\":\"https:\\\/\\\/physio-sonjaburri.ch\\\/wp-content\\\/uploads\\\/2018\\\/12\\\/logo_800_hoch.png\",\"contentUrl\":\"https:\\\/\\\/physio-sonjaburri.ch\\\/wp-content\\\/uploads\\\/2018\\\/12\\\/logo_800_hoch.png\",\"width\":1317,\"height\":800,\"caption\":\"Physiotherapie Sonja Burri\"},\"image\":{\"@id\":\"https:\\\/\\\/physio-sonjaburri.ch\\\/#\\\/schema\\\/logo\\\/image\\\/\"},\"sameAs\":[\"https:\\\/\\\/www.facebook.com\\\/Physiotherapie-Sonja-Burri-2219405908318278\\\/\"]}]}<\/script>\n<!-- \/ Yoast SEO plugin. -->","yoast_head_json":{"title":"\u00dcber mich - Physiotherapie Sonja Burri","robots":{"index":"index","follow":"follow","max-snippet":"max-snippet:-1","max-image-preview":"max-image-preview:large","max-video-preview":"max-video-preview:-1"},"canonical":"https:\/\/physio-sonjaburri.ch\/?page_id=51","og_locale":"de_DE","og_type":"article","og_title":"\u00dcber mich - Physiotherapie Sonja Burri","og_description":"Nach meiner Ausbildung zur dipl. Physiotherapeutin FH arbeitete ich in einer Privatpraxis in Belp. Seit 2019 bin ich selbstst\u00e4ndig in R\u00fceggisberg t\u00e4tig. Ich habe grosse Freude an meinem Beruf und hoffe durch die Zusammenarbeit in Therapien Goffers meine F\u00e4higkeiten weiter ausbauen zu k\u00f6nnen. Aus- und Weiterbildungen 2015: Bachelor of Science in Physiotherapie an der SUPSI &hellip; \u201e\u00dcber mich\u201c weiterlesen","og_url":"https:\/\/physio-sonjaburri.ch\/?page_id=51","og_site_name":"Physiotherapie Sonja Burri","article_publisher":"https:\/\/www.facebook.com\/Physiotherapie-Sonja-Burri-2219405908318278\/","article_modified_time":"2022-09-19T09:11:54+00:00","og_image":[{"url":"https:\/\/physio-sonjaburri.ch\/wp-content\/uploads\/2019\/03\/Portrait-1024x1024.jpeg","type":"","width":"","height":""}],"twitter_card":"summary_large_image","twitter_misc":{"Gesch\u00e4tzte Lesezeit":"1\u00a0Minute"},"schema":{"@context":"https:\/\/schema.org","@graph":[{"@type":"WebPage","@id":"https:\/\/physio-sonjaburri.ch\/?page_id=51","url":"https:\/\/physio-sonjaburri.ch\/?page_id=51","name":"\u00dcber mich - Physiotherapie Sonja Burri","isPartOf":{"@id":"https:\/\/physio-sonjaburri.ch\/#website"},"primaryImageOfPage":{"@id":"https:\/\/physio-sonjaburri.ch\/?page_id=51#primaryimage"},"image":{"@id":"https:\/\/physio-sonjaburri.ch\/?page_id=51#primaryimage"},"thumbnailUrl":"https:\/\/physio-sonjaburri.ch\/wp-content\/uploads\/2019\/03\/Portrait-1024x1024.jpeg","datePublished":"2018-12-30T15:57:23+00:00","dateModified":"2022-09-19T09:11:54+00:00","breadcrumb":{"@id":"https:\/\/physio-sonjaburri.ch\/?page_id=51#breadcrumb"},"inLanguage":"de","potentialAction":[{"@type":"ReadAction","target":["https:\/\/physio-sonjaburri.ch\/?page_id=51"]}]},{"@type":"ImageObject","inLanguage":"de","@id":"https:\/\/physio-sonjaburri.ch\/?page_id=51#primaryimage","url":"https:\/\/physio-sonjaburri.ch\/wp-content\/uploads\/2019\/03\/Portrait.jpeg","contentUrl":"https:\/\/physio-sonjaburri.ch\/wp-content\/uploads\/2019\/03\/Portrait.jpeg","width":3330,"height":3330},{"@type":"BreadcrumbList","@id":"https:\/\/physio-sonjaburri.ch\/?page_id=51#breadcrumb","itemListElement":[{"@type":"ListItem","position":1,"name":"Startseite","item":"https:\/\/physio-sonjaburri.ch\/"},{"@type":"ListItem","position":2,"name":"\u00dcber mich"}]},{"@type":"WebSite","@id":"https:\/\/physio-sonjaburri.ch\/#website","url":"https:\/\/physio-sonjaburri.ch\/","name":"Physiotherapie Sonja Burri","description":"","publisher":{"@id":"https:\/\/physio-sonjaburri.ch\/#organization"},"potentialAction":[{"@type":"SearchAction","target":{"@type":"EntryPoint","urlTemplate":"https:\/\/physio-sonjaburri.ch\/?s={search_term_string}"},"query-input":{"@type":"PropertyValueSpecification","valueRequired":true,"valueName":"search_term_string"}}],"inLanguage":"de"},{"@type":"Organization","@id":"https:\/\/physio-sonjaburri.ch\/#organization","name":"Physiotherapie Sonja Burri","url":"https:\/\/physio-sonjaburri.ch\/","logo":{"@type":"ImageObject","inLanguage":"de","@id":"https:\/\/physio-sonjaburri.ch\/#\/schema\/logo\/image\/","url":"https:\/\/physio-sonjaburri.ch\/wp-content\/uploads\/2018\/12\/logo_800_hoch.png","contentUrl":"https:\/\/physio-sonjaburri.ch\/wp-content\/uploads\/2018\/12\/logo_800_hoch.png","width":1317,"height":800,"caption":"Physiotherapie Sonja Burri"},"image":{"@id":"https:\/\/physio-sonjaburri.ch\/#\/schema\/logo\/image\/"},"sameAs":["https:\/\/www.facebook.com\/Physiotherapie-Sonja-Burri-2219405908318278\/"]}]}},"_links":{"self":[{"href":"https:\/\/physio-sonjaburri.ch\/index.php?rest_route=\/wp\/v2\/pages\/51","targetHints":{"allow":["GET"]}}],"collection":[{"href":"https:\/\/physio-sonjaburri.ch\/index.php?rest_route=\/wp\/v2\/pages"}],"about":[{"href":"https:\/\/physio-sonjaburri.ch\/index.php?rest_route=\/wp\/v2\/types\/page"}],"author":[{"embeddable":true,"href":"https:\/\/physio-sonjaburri.ch\/index.php?rest_route=\/wp\/v2\/users\/2"}],"replies":[{"embeddable":true,"href":"https:\/\/physio-sonjaburri.ch\/index.php?rest_route=%2Fwp%2Fv2%2Fcomments&post=51"}],"version-history":[{"count":8,"href":"https:\/\/physio-sonjaburri.ch\/index.php?rest_route=\/wp\/v2\/pages\/51\/revisions"}],"predecessor-version":[{"id":189,"href":"https:\/\/physio-sonjaburri.ch\/index.php?rest_route=\/wp\/v2\/pages\/51\/revisions\/189"}],"wp:attachment":[{"href":"https:\/\/physio-sonjaburri.ch\/index.php?rest_route=%2Fwp%2Fv2%2Fmedia&parent=51"}],"curies":[{"name":"wp","href":"https:\/\/api.w.org\/{rel}","templated":true}]}}