{"id":49,"date":"2018-12-30T16:56:25","date_gmt":"2018-12-30T15:56:25","guid":{"rendered":"https:\/\/physio-sonjaburri.ch\/?page_id=49"},"modified":"2023-11-20T10:37:34","modified_gmt":"2023-11-20T09:37:34","slug":"kontakt","status":"publish","type":"page","link":"https:\/\/physio-sonjaburri.ch\/?page_id=49","title":{"rendered":"Kontakt"},"content":{"rendered":"\n<p>Die Physiotherapie befindet sich in Goffers mit herrlichem Blick in die Alpen. <\/p>\n\n\n\n<p>Die Postautohaltestelle befindet sich in unmittelbarer N\u00e4he. Autoparkpl\u00e4tze stehen hinter dem Haus zur Verf\u00fcgung.<\/p>\n\n\n\n<p>Der Eingang befindet sich auf der strassenfernen Hausseite, wobei die Praxis sich im ersten Stock befindet (kein Aufzug).<\/p>\n\n\n\n<p>Physiotherapie Sonja Burri<br>Bernstrasse 1<br>3088 R\u00fceggisberg<\/p>\n\n\n\n<p>Tel.: 079 563 14 36<\/p>\n\n\n\n<p>Ebenfalls in diesen R\u00e4umlichkeiten therapiert Nicole Mathieu, ihre Telefonnummer lautet 079 722 75 42.<\/p>\n\n\n<div class=\"su-gmap su-u-responsive-media-yes\"><iframe loading=\"lazy\" width=\"600\" height=\"400\" src=\"\/\/maps.google.com\/maps?q=Bernstrasse%201%2C%203088%20R%C3%BCeggisberg&amp;output=embed\" title=\"\"><\/iframe><\/div>\n\n\n\n<p><br><strong>Kontaktformular<\/strong><br><div class=\"wpforms-container wpforms-container-full\" id=\"wpforms-65\"><form id=\"wpforms-form-65\" class=\"wpforms-validate wpforms-form\" data-formid=\"65\" method=\"post\" enctype=\"multipart\/form-data\" action=\"\/index.php?rest_route=%2Fwp%2Fv2%2Fpages%2F49\" data-token=\"f05920863821f3367ac16301192cd32a\" data-token-time=\"1778244036\"><noscript class=\"wpforms-error-noscript\">Bitte aktiviere JavaScript in deinem Browser, um dieses Formular fertigzustellen.<\/noscript><div class=\"wpforms-field-container\"><div id=\"wpforms-65-field_0-container\" class=\"wpforms-field wpforms-field-name\" data-field-id=\"0\"><label class=\"wpforms-field-label\">Name <span class=\"wpforms-required-label\">*<\/span><\/label><div class=\"wpforms-field-row wpforms-field-medium\"><div class=\"wpforms-field-row-block wpforms-first wpforms-one-half\"><input type=\"text\" id=\"wpforms-65-field_0\" class=\"wpforms-field-name-first wpforms-field-required\" name=\"wpforms[fields][0][first]\" required><label for=\"wpforms-65-field_0\" class=\"wpforms-field-sublabel after\">Vorname<\/label><\/div><div class=\"wpforms-field-row-block wpforms-one-half\"><input type=\"text\" id=\"wpforms-65-field_0-last\" class=\"wpforms-field-name-last wpforms-field-required\" name=\"wpforms[fields][0][last]\" required><label for=\"wpforms-65-field_0-last\" class=\"wpforms-field-sublabel after\">Nachname<\/label><\/div><\/div><\/div><div id=\"wpforms-65-field_1-container\" class=\"wpforms-field wpforms-field-email\" data-field-id=\"1\"><label class=\"wpforms-field-label\" for=\"wpforms-65-field_1\">E-Mail <span class=\"wpforms-required-label\">*<\/span><\/label><input type=\"email\" id=\"wpforms-65-field_1\" class=\"wpforms-field-medium wpforms-field-required\" name=\"wpforms[fields][1]\" spellcheck=\"false\" required><\/div><div id=\"wpforms-65-field_3-container\" class=\"wpforms-field wpforms-field-text\" data-field-id=\"3\"><label class=\"wpforms-field-label\" for=\"wpforms-65-field_3\">Telefon <span class=\"wpforms-required-label\">*<\/span><\/label><input type=\"text\" id=\"wpforms-65-field_3\" class=\"wpforms-field-medium wpforms-field-required\" name=\"wpforms[fields][3]\" required><\/div><div id=\"wpforms-65-field_2-container\" class=\"wpforms-field wpforms-field-textarea\" data-field-id=\"2\"><label class=\"wpforms-field-label\" for=\"wpforms-65-field_2\">Kommentar oder Nachricht <span class=\"wpforms-required-label\">*<\/span><\/label><textarea id=\"wpforms-65-field_2\" class=\"wpforms-field-medium wpforms-field-required\" name=\"wpforms[fields][2]\" required><\/textarea><\/div><\/div><!-- .wpforms-field-container --><div class=\"wpforms-field wpforms-field-hp\"><label for=\"wpforms-65-field-hp\" class=\"wpforms-field-label\">Phone<\/label><input type=\"text\" name=\"wpforms[hp]\" id=\"wpforms-65-field-hp\" class=\"wpforms-field-medium\"><\/div><div class=\"wpforms-submit-container\" ><input type=\"hidden\" name=\"wpforms[id]\" value=\"65\"><input type=\"hidden\" name=\"page_title\" value=\"\"><input type=\"hidden\" name=\"page_url\" value=\"https:\/\/physio-sonjaburri.ch\/index.php?rest_route=\/wp\/v2\/pages\/49\"><input type=\"hidden\" name=\"url_referer\" value=\"\"><button type=\"submit\" name=\"wpforms[submit]\" id=\"wpforms-submit-65\" class=\"wpforms-submit\" data-alt-text=\"Sende...\" data-submit-text=\"Senden\" aria-live=\"assertive\" value=\"wpforms-submit\">Senden<\/button><\/div><\/form><\/div>  <!-- .wpforms-container -->\n","protected":false},"excerpt":{"rendered":"<p>Die Physiotherapie befindet sich in Goffers mit herrlichem Blick in die Alpen. Die Postautohaltestelle befindet sich in unmittelbarer N\u00e4he. Autoparkpl\u00e4tze stehen hinter dem Haus zur Verf\u00fcgung. Der Eingang befindet sich auf der strassenfernen Hausseite, wobei die Praxis sich im ersten Stock befindet (kein Aufzug). Physiotherapie Sonja BurriBernstrasse 13088 R\u00fceggisberg Tel.: 079 563 14 36 Ebenfalls &hellip; <\/p>\n<p class=\"link-more\"><a href=\"https:\/\/physio-sonjaburri.ch\/?page_id=49\" class=\"more-link\"><span class=\"screen-reader-text\">\u201eKontakt\u201c <\/span>weiterlesen<\/a><\/p>\n","protected":false},"author":2,"featured_media":0,"parent":0,"menu_order":0,"comment_status":"closed","ping_status":"closed","template":"","meta":{"footnotes":""},"class_list":["post-49","page","type-page","status-publish","hentry"],"yoast_head":"<!-- This site is optimized with the Yoast SEO plugin v27.5 - https:\/\/yoast.com\/product\/yoast-seo-wordpress\/ -->\n<title>Kontakt - Physiotherapie Sonja Burri<\/title>\n<meta name=\"robots\" content=\"index, follow, max-snippet:-1, max-image-preview:large, max-video-preview:-1\" \/>\n<link rel=\"canonical\" href=\"https:\/\/physio-sonjaburri.ch\/?page_id=49\" \/>\n<meta property=\"og:locale\" content=\"de_DE\" \/>\n<meta property=\"og:type\" content=\"article\" \/>\n<meta property=\"og:title\" content=\"Kontakt - Physiotherapie Sonja Burri\" \/>\n<meta property=\"og:description\" content=\"Die Physiotherapie befindet sich in Goffers mit herrlichem Blick in die Alpen. Die Postautohaltestelle befindet sich in unmittelbarer N\u00e4he. Autoparkpl\u00e4tze stehen hinter dem Haus zur Verf\u00fcgung. Der Eingang befindet sich auf der strassenfernen Hausseite, wobei die Praxis sich im ersten Stock befindet (kein Aufzug). Physiotherapie Sonja BurriBernstrasse 13088 R\u00fceggisberg Tel.: 079 563 14 36 Ebenfalls &hellip; \u201eKontakt\u201c weiterlesen\" \/>\n<meta property=\"og:url\" content=\"https:\/\/physio-sonjaburri.ch\/?page_id=49\" \/>\n<meta property=\"og:site_name\" content=\"Physiotherapie Sonja Burri\" \/>\n<meta property=\"article:publisher\" content=\"https:\/\/www.facebook.com\/Physiotherapie-Sonja-Burri-2219405908318278\/\" \/>\n<meta property=\"article:modified_time\" content=\"2023-11-20T09:37:34+00:00\" \/>\n<meta name=\"twitter:card\" content=\"summary_large_image\" \/>\n<meta name=\"twitter:label1\" content=\"Gesch\u00e4tzte Lesezeit\" \/>\n\t<meta name=\"twitter:data1\" content=\"1\u00a0Minute\" \/>\n<script type=\"application\/ld+json\" class=\"yoast-schema-graph\">{\"@context\":\"https:\\\/\\\/schema.org\",\"@graph\":[{\"@type\":\"WebPage\",\"@id\":\"https:\\\/\\\/physio-sonjaburri.ch\\\/?page_id=49\",\"url\":\"https:\\\/\\\/physio-sonjaburri.ch\\\/?page_id=49\",\"name\":\"Kontakt - Physiotherapie Sonja Burri\",\"isPartOf\":{\"@id\":\"https:\\\/\\\/physio-sonjaburri.ch\\\/#website\"},\"datePublished\":\"2018-12-30T15:56:25+00:00\",\"dateModified\":\"2023-11-20T09:37:34+00:00\",\"breadcrumb\":{\"@id\":\"https:\\\/\\\/physio-sonjaburri.ch\\\/?page_id=49#breadcrumb\"},\"inLanguage\":\"de\",\"potentialAction\":[{\"@type\":\"ReadAction\",\"target\":[\"https:\\\/\\\/physio-sonjaburri.ch\\\/?page_id=49\"]}]},{\"@type\":\"BreadcrumbList\",\"@id\":\"https:\\\/\\\/physio-sonjaburri.ch\\\/?page_id=49#breadcrumb\",\"itemListElement\":[{\"@type\":\"ListItem\",\"position\":1,\"name\":\"Startseite\",\"item\":\"https:\\\/\\\/physio-sonjaburri.ch\\\/\"},{\"@type\":\"ListItem\",\"position\":2,\"name\":\"Kontakt\"}]},{\"@type\":\"WebSite\",\"@id\":\"https:\\\/\\\/physio-sonjaburri.ch\\\/#website\",\"url\":\"https:\\\/\\\/physio-sonjaburri.ch\\\/\",\"name\":\"Physiotherapie Sonja Burri\",\"description\":\"\",\"publisher\":{\"@id\":\"https:\\\/\\\/physio-sonjaburri.ch\\\/#organization\"},\"potentialAction\":[{\"@type\":\"SearchAction\",\"target\":{\"@type\":\"EntryPoint\",\"urlTemplate\":\"https:\\\/\\\/physio-sonjaburri.ch\\\/?s={search_term_string}\"},\"query-input\":{\"@type\":\"PropertyValueSpecification\",\"valueRequired\":true,\"valueName\":\"search_term_string\"}}],\"inLanguage\":\"de\"},{\"@type\":\"Organization\",\"@id\":\"https:\\\/\\\/physio-sonjaburri.ch\\\/#organization\",\"name\":\"Physiotherapie Sonja Burri\",\"url\":\"https:\\\/\\\/physio-sonjaburri.ch\\\/\",\"logo\":{\"@type\":\"ImageObject\",\"inLanguage\":\"de\",\"@id\":\"https:\\\/\\\/physio-sonjaburri.ch\\\/#\\\/schema\\\/logo\\\/image\\\/\",\"url\":\"https:\\\/\\\/physio-sonjaburri.ch\\\/wp-content\\\/uploads\\\/2018\\\/12\\\/logo_800_hoch.png\",\"contentUrl\":\"https:\\\/\\\/physio-sonjaburri.ch\\\/wp-content\\\/uploads\\\/2018\\\/12\\\/logo_800_hoch.png\",\"width\":1317,\"height\":800,\"caption\":\"Physiotherapie Sonja Burri\"},\"image\":{\"@id\":\"https:\\\/\\\/physio-sonjaburri.ch\\\/#\\\/schema\\\/logo\\\/image\\\/\"},\"sameAs\":[\"https:\\\/\\\/www.facebook.com\\\/Physiotherapie-Sonja-Burri-2219405908318278\\\/\"]}]}<\/script>\n<!-- \/ Yoast SEO plugin. -->","yoast_head_json":{"title":"Kontakt - Physiotherapie Sonja Burri","robots":{"index":"index","follow":"follow","max-snippet":"max-snippet:-1","max-image-preview":"max-image-preview:large","max-video-preview":"max-video-preview:-1"},"canonical":"https:\/\/physio-sonjaburri.ch\/?page_id=49","og_locale":"de_DE","og_type":"article","og_title":"Kontakt - Physiotherapie Sonja Burri","og_description":"Die Physiotherapie befindet sich in Goffers mit herrlichem Blick in die Alpen. Die Postautohaltestelle befindet sich in unmittelbarer N\u00e4he. Autoparkpl\u00e4tze stehen hinter dem Haus zur Verf\u00fcgung. Der Eingang befindet sich auf der strassenfernen Hausseite, wobei die Praxis sich im ersten Stock befindet (kein Aufzug). Physiotherapie Sonja BurriBernstrasse 13088 R\u00fceggisberg Tel.: 079 563 14 36 Ebenfalls &hellip; \u201eKontakt\u201c weiterlesen","og_url":"https:\/\/physio-sonjaburri.ch\/?page_id=49","og_site_name":"Physiotherapie Sonja Burri","article_publisher":"https:\/\/www.facebook.com\/Physiotherapie-Sonja-Burri-2219405908318278\/","article_modified_time":"2023-11-20T09:37:34+00:00","twitter_card":"summary_large_image","twitter_misc":{"Gesch\u00e4tzte Lesezeit":"1\u00a0Minute"},"schema":{"@context":"https:\/\/schema.org","@graph":[{"@type":"WebPage","@id":"https:\/\/physio-sonjaburri.ch\/?page_id=49","url":"https:\/\/physio-sonjaburri.ch\/?page_id=49","name":"Kontakt - Physiotherapie Sonja Burri","isPartOf":{"@id":"https:\/\/physio-sonjaburri.ch\/#website"},"datePublished":"2018-12-30T15:56:25+00:00","dateModified":"2023-11-20T09:37:34+00:00","breadcrumb":{"@id":"https:\/\/physio-sonjaburri.ch\/?page_id=49#breadcrumb"},"inLanguage":"de","potentialAction":[{"@type":"ReadAction","target":["https:\/\/physio-sonjaburri.ch\/?page_id=49"]}]},{"@type":"BreadcrumbList","@id":"https:\/\/physio-sonjaburri.ch\/?page_id=49#breadcrumb","itemListElement":[{"@type":"ListItem","position":1,"name":"Startseite","item":"https:\/\/physio-sonjaburri.ch\/"},{"@type":"ListItem","position":2,"name":"Kontakt"}]},{"@type":"WebSite","@id":"https:\/\/physio-sonjaburri.ch\/#website","url":"https:\/\/physio-sonjaburri.ch\/","name":"Physiotherapie Sonja Burri","description":"","publisher":{"@id":"https:\/\/physio-sonjaburri.ch\/#organization"},"potentialAction":[{"@type":"SearchAction","target":{"@type":"EntryPoint","urlTemplate":"https:\/\/physio-sonjaburri.ch\/?s={search_term_string}"},"query-input":{"@type":"PropertyValueSpecification","valueRequired":true,"valueName":"search_term_string"}}],"inLanguage":"de"},{"@type":"Organization","@id":"https:\/\/physio-sonjaburri.ch\/#organization","name":"Physiotherapie Sonja Burri","url":"https:\/\/physio-sonjaburri.ch\/","logo":{"@type":"ImageObject","inLanguage":"de","@id":"https:\/\/physio-sonjaburri.ch\/#\/schema\/logo\/image\/","url":"https:\/\/physio-sonjaburri.ch\/wp-content\/uploads\/2018\/12\/logo_800_hoch.png","contentUrl":"https:\/\/physio-sonjaburri.ch\/wp-content\/uploads\/2018\/12\/logo_800_hoch.png","width":1317,"height":800,"caption":"Physiotherapie Sonja Burri"},"image":{"@id":"https:\/\/physio-sonjaburri.ch\/#\/schema\/logo\/image\/"},"sameAs":["https:\/\/www.facebook.com\/Physiotherapie-Sonja-Burri-2219405908318278\/"]}]}},"_links":{"self":[{"href":"https:\/\/physio-sonjaburri.ch\/index.php?rest_route=\/wp\/v2\/pages\/49","targetHints":{"allow":["GET"]}}],"collection":[{"href":"https:\/\/physio-sonjaburri.ch\/index.php?rest_route=\/wp\/v2\/pages"}],"about":[{"href":"https:\/\/physio-sonjaburri.ch\/index.php?rest_route=\/wp\/v2\/types\/page"}],"author":[{"embeddable":true,"href":"https:\/\/physio-sonjaburri.ch\/index.php?rest_route=\/wp\/v2\/users\/2"}],"replies":[{"embeddable":true,"href":"https:\/\/physio-sonjaburri.ch\/index.php?rest_route=%2Fwp%2Fv2%2Fcomments&post=49"}],"version-history":[{"count":12,"href":"https:\/\/physio-sonjaburri.ch\/index.php?rest_route=\/wp\/v2\/pages\/49\/revisions"}],"predecessor-version":[{"id":205,"href":"https:\/\/physio-sonjaburri.ch\/index.php?rest_route=\/wp\/v2\/pages\/49\/revisions\/205"}],"wp:attachment":[{"href":"https:\/\/physio-sonjaburri.ch\/index.php?rest_route=%2Fwp%2Fv2%2Fmedia&parent=49"}],"curies":[{"name":"wp","href":"https:\/\/api.w.org\/{rel}","templated":true}]}}