{"id":47,"date":"2018-12-30T16:53:17","date_gmt":"2018-12-30T15:53:17","guid":{"rendered":"https:\/\/physio-sonjaburri.ch\/?page_id=47"},"modified":"2020-04-22T12:06:12","modified_gmt":"2020-04-22T11:06:12","slug":"preise","status":"publish","type":"page","link":"https:\/\/physio-sonjaburri.ch\/?page_id=47","title":{"rendered":"Preise"},"content":{"rendered":"\n<p>Physiotherapie ist eine Leistung der Grundversicherung und\nwird von der Krankenkasse oder der Unfallversicherung gem\u00e4ss Tarifvertrag\n\u00fcbernommen.<\/p>\n\n\n\n<p>Falls Sie in die Massage oder ohne \u00e4rztliche Verordnung in\ndie Physiotherapie kommen m\u00f6chten, finden sie hier die Preise f\u00fcr Selbstzahler:\n<\/p>\n\n\n\n<div class=\"wp-block-columns has-2-columns is-layout-flex wp-container-core-columns-is-layout-9d6595d7 wp-block-columns-is-layout-flex\">\n<div class=\"wp-block-column is-layout-flow wp-block-column-is-layout-flow\">\n<p>Physiotherapeutische Behandlung <br>(25 Minuten)<\/p>\n<\/div>\n\n\n\n<div class=\"wp-block-column is-layout-flow wp-block-column-is-layout-flow\">\n<p>50.-<\/p>\n<\/div>\n<\/div>\n\n\n\n<div class=\"wp-block-columns has-2-columns is-layout-flex wp-container-core-columns-is-layout-9d6595d7 wp-block-columns-is-layout-flex\">\n<div class=\"wp-block-column is-layout-flow wp-block-column-is-layout-flow\">\n<p>Medizinische Massage <br>(25 Minuten)<\/p>\n<\/div>\n\n\n\n<div class=\"wp-block-column is-layout-flow wp-block-column-is-layout-flow\">\n<p>50.-<\/p>\n<\/div>\n<\/div>\n\n\n\n<div class=\"wp-block-columns has-2-columns is-layout-flex wp-container-core-columns-is-layout-9d6595d7 wp-block-columns-is-layout-flex\">\n<div class=\"wp-block-column is-layout-flow wp-block-column-is-layout-flow\">\n<p>Medizinische Massage<br>(40 Minuten)<br><\/p>\n<\/div>\n\n\n\n<div class=\"wp-block-column is-layout-flow wp-block-column-is-layout-flow\">\n<p>75.-<\/p>\n<\/div>\n<\/div>\n\n\n\n<div class=\"wp-block-columns has-2-columns is-layout-flex wp-container-core-columns-is-layout-9d6595d7 wp-block-columns-is-layout-flex\">\n<div class=\"wp-block-column is-layout-flow wp-block-column-is-layout-flow\">\n<p>Medizinische Massage <br>(55 Minuten)<\/p>\n<\/div>\n\n\n\n<div class=\"wp-block-column is-layout-flow wp-block-column-is-layout-flow\">\n<p>100.-<\/p>\n<\/div>\n<\/div>\n","protected":false},"excerpt":{"rendered":"<p>Physiotherapie ist eine Leistung der Grundversicherung und wird von der Krankenkasse oder der Unfallversicherung gem\u00e4ss Tarifvertrag \u00fcbernommen. Falls Sie in die Massage oder ohne \u00e4rztliche Verordnung in die Physiotherapie kommen m\u00f6chten, finden sie hier die Preise f\u00fcr Selbstzahler: Physiotherapeutische Behandlung (25 Minuten) 50.- Medizinische Massage (25 Minuten) 50.- Medizinische Massage(40 Minuten) 75.- Medizinische Massage (55 &hellip; <\/p>\n<p class=\"link-more\"><a href=\"https:\/\/physio-sonjaburri.ch\/?page_id=47\" class=\"more-link\"><span class=\"screen-reader-text\">\u201ePreise\u201c <\/span>weiterlesen<\/a><\/p>\n","protected":false},"author":2,"featured_media":0,"parent":0,"menu_order":0,"comment_status":"closed","ping_status":"closed","template":"","meta":{"footnotes":""},"class_list":["post-47","page","type-page","status-publish","hentry"],"yoast_head":"<!-- This site is optimized with the Yoast SEO plugin v27.4 - https:\/\/yoast.com\/product\/yoast-seo-wordpress\/ -->\n<title>Preise - Physiotherapie Sonja Burri<\/title>\n<meta name=\"robots\" content=\"index, follow, max-snippet:-1, max-image-preview:large, max-video-preview:-1\" \/>\n<link rel=\"canonical\" href=\"https:\/\/physio-sonjaburri.ch\/?page_id=47\" \/>\n<meta property=\"og:locale\" content=\"de_DE\" \/>\n<meta property=\"og:type\" content=\"article\" \/>\n<meta property=\"og:title\" content=\"Preise - Physiotherapie Sonja Burri\" \/>\n<meta property=\"og:description\" content=\"Physiotherapie ist eine Leistung der Grundversicherung und wird von der Krankenkasse oder der Unfallversicherung gem\u00e4ss Tarifvertrag \u00fcbernommen. Falls Sie in die Massage oder ohne \u00e4rztliche Verordnung in die Physiotherapie kommen m\u00f6chten, finden sie hier die Preise f\u00fcr Selbstzahler: Physiotherapeutische Behandlung (25 Minuten) 50.- Medizinische Massage (25 Minuten) 50.- Medizinische Massage(40 Minuten) 75.- Medizinische Massage (55 &hellip; \u201ePreise\u201c weiterlesen\" \/>\n<meta property=\"og:url\" content=\"https:\/\/physio-sonjaburri.ch\/?page_id=47\" \/>\n<meta property=\"og:site_name\" content=\"Physiotherapie Sonja Burri\" \/>\n<meta property=\"article:publisher\" content=\"https:\/\/www.facebook.com\/Physiotherapie-Sonja-Burri-2219405908318278\/\" \/>\n<meta property=\"article:modified_time\" content=\"2020-04-22T11:06:12+00:00\" \/>\n<meta name=\"twitter:card\" content=\"summary_large_image\" \/>\n<script type=\"application\/ld+json\" class=\"yoast-schema-graph\">{\"@context\":\"https:\\\/\\\/schema.org\",\"@graph\":[{\"@type\":\"WebPage\",\"@id\":\"https:\\\/\\\/physio-sonjaburri.ch\\\/?page_id=47\",\"url\":\"https:\\\/\\\/physio-sonjaburri.ch\\\/?page_id=47\",\"name\":\"Preise - Physiotherapie Sonja Burri\",\"isPartOf\":{\"@id\":\"https:\\\/\\\/physio-sonjaburri.ch\\\/#website\"},\"datePublished\":\"2018-12-30T15:53:17+00:00\",\"dateModified\":\"2020-04-22T11:06:12+00:00\",\"breadcrumb\":{\"@id\":\"https:\\\/\\\/physio-sonjaburri.ch\\\/?page_id=47#breadcrumb\"},\"inLanguage\":\"de\",\"potentialAction\":[{\"@type\":\"ReadAction\",\"target\":[\"https:\\\/\\\/physio-sonjaburri.ch\\\/?page_id=47\"]}]},{\"@type\":\"BreadcrumbList\",\"@id\":\"https:\\\/\\\/physio-sonjaburri.ch\\\/?page_id=47#breadcrumb\",\"itemListElement\":[{\"@type\":\"ListItem\",\"position\":1,\"name\":\"Startseite\",\"item\":\"https:\\\/\\\/physio-sonjaburri.ch\\\/\"},{\"@type\":\"ListItem\",\"position\":2,\"name\":\"Preise\"}]},{\"@type\":\"WebSite\",\"@id\":\"https:\\\/\\\/physio-sonjaburri.ch\\\/#website\",\"url\":\"https:\\\/\\\/physio-sonjaburri.ch\\\/\",\"name\":\"Physiotherapie Sonja Burri\",\"description\":\"\",\"publisher\":{\"@id\":\"https:\\\/\\\/physio-sonjaburri.ch\\\/#organization\"},\"potentialAction\":[{\"@type\":\"SearchAction\",\"target\":{\"@type\":\"EntryPoint\",\"urlTemplate\":\"https:\\\/\\\/physio-sonjaburri.ch\\\/?s={search_term_string}\"},\"query-input\":{\"@type\":\"PropertyValueSpecification\",\"valueRequired\":true,\"valueName\":\"search_term_string\"}}],\"inLanguage\":\"de\"},{\"@type\":\"Organization\",\"@id\":\"https:\\\/\\\/physio-sonjaburri.ch\\\/#organization\",\"name\":\"Physiotherapie Sonja Burri\",\"url\":\"https:\\\/\\\/physio-sonjaburri.ch\\\/\",\"logo\":{\"@type\":\"ImageObject\",\"inLanguage\":\"de\",\"@id\":\"https:\\\/\\\/physio-sonjaburri.ch\\\/#\\\/schema\\\/logo\\\/image\\\/\",\"url\":\"https:\\\/\\\/physio-sonjaburri.ch\\\/wp-content\\\/uploads\\\/2018\\\/12\\\/logo_800_hoch.png\",\"contentUrl\":\"https:\\\/\\\/physio-sonjaburri.ch\\\/wp-content\\\/uploads\\\/2018\\\/12\\\/logo_800_hoch.png\",\"width\":1317,\"height\":800,\"caption\":\"Physiotherapie Sonja Burri\"},\"image\":{\"@id\":\"https:\\\/\\\/physio-sonjaburri.ch\\\/#\\\/schema\\\/logo\\\/image\\\/\"},\"sameAs\":[\"https:\\\/\\\/www.facebook.com\\\/Physiotherapie-Sonja-Burri-2219405908318278\\\/\"]}]}<\/script>\n<!-- \/ Yoast SEO plugin. -->","yoast_head_json":{"title":"Preise - Physiotherapie Sonja Burri","robots":{"index":"index","follow":"follow","max-snippet":"max-snippet:-1","max-image-preview":"max-image-preview:large","max-video-preview":"max-video-preview:-1"},"canonical":"https:\/\/physio-sonjaburri.ch\/?page_id=47","og_locale":"de_DE","og_type":"article","og_title":"Preise - Physiotherapie Sonja Burri","og_description":"Physiotherapie ist eine Leistung der Grundversicherung und wird von der Krankenkasse oder der Unfallversicherung gem\u00e4ss Tarifvertrag \u00fcbernommen. Falls Sie in die Massage oder ohne \u00e4rztliche Verordnung in die Physiotherapie kommen m\u00f6chten, finden sie hier die Preise f\u00fcr Selbstzahler: Physiotherapeutische Behandlung (25 Minuten) 50.- Medizinische Massage (25 Minuten) 50.- Medizinische Massage(40 Minuten) 75.- Medizinische Massage (55 &hellip; \u201ePreise\u201c weiterlesen","og_url":"https:\/\/physio-sonjaburri.ch\/?page_id=47","og_site_name":"Physiotherapie Sonja Burri","article_publisher":"https:\/\/www.facebook.com\/Physiotherapie-Sonja-Burri-2219405908318278\/","article_modified_time":"2020-04-22T11:06:12+00:00","twitter_card":"summary_large_image","schema":{"@context":"https:\/\/schema.org","@graph":[{"@type":"WebPage","@id":"https:\/\/physio-sonjaburri.ch\/?page_id=47","url":"https:\/\/physio-sonjaburri.ch\/?page_id=47","name":"Preise - Physiotherapie Sonja Burri","isPartOf":{"@id":"https:\/\/physio-sonjaburri.ch\/#website"},"datePublished":"2018-12-30T15:53:17+00:00","dateModified":"2020-04-22T11:06:12+00:00","breadcrumb":{"@id":"https:\/\/physio-sonjaburri.ch\/?page_id=47#breadcrumb"},"inLanguage":"de","potentialAction":[{"@type":"ReadAction","target":["https:\/\/physio-sonjaburri.ch\/?page_id=47"]}]},{"@type":"BreadcrumbList","@id":"https:\/\/physio-sonjaburri.ch\/?page_id=47#breadcrumb","itemListElement":[{"@type":"ListItem","position":1,"name":"Startseite","item":"https:\/\/physio-sonjaburri.ch\/"},{"@type":"ListItem","position":2,"name":"Preise"}]},{"@type":"WebSite","@id":"https:\/\/physio-sonjaburri.ch\/#website","url":"https:\/\/physio-sonjaburri.ch\/","name":"Physiotherapie Sonja Burri","description":"","publisher":{"@id":"https:\/\/physio-sonjaburri.ch\/#organization"},"potentialAction":[{"@type":"SearchAction","target":{"@type":"EntryPoint","urlTemplate":"https:\/\/physio-sonjaburri.ch\/?s={search_term_string}"},"query-input":{"@type":"PropertyValueSpecification","valueRequired":true,"valueName":"search_term_string"}}],"inLanguage":"de"},{"@type":"Organization","@id":"https:\/\/physio-sonjaburri.ch\/#organization","name":"Physiotherapie Sonja Burri","url":"https:\/\/physio-sonjaburri.ch\/","logo":{"@type":"ImageObject","inLanguage":"de","@id":"https:\/\/physio-sonjaburri.ch\/#\/schema\/logo\/image\/","url":"https:\/\/physio-sonjaburri.ch\/wp-content\/uploads\/2018\/12\/logo_800_hoch.png","contentUrl":"https:\/\/physio-sonjaburri.ch\/wp-content\/uploads\/2018\/12\/logo_800_hoch.png","width":1317,"height":800,"caption":"Physiotherapie Sonja Burri"},"image":{"@id":"https:\/\/physio-sonjaburri.ch\/#\/schema\/logo\/image\/"},"sameAs":["https:\/\/www.facebook.com\/Physiotherapie-Sonja-Burri-2219405908318278\/"]}]}},"_links":{"self":[{"href":"https:\/\/physio-sonjaburri.ch\/index.php?rest_route=\/wp\/v2\/pages\/47","targetHints":{"allow":["GET"]}}],"collection":[{"href":"https:\/\/physio-sonjaburri.ch\/index.php?rest_route=\/wp\/v2\/pages"}],"about":[{"href":"https:\/\/physio-sonjaburri.ch\/index.php?rest_route=\/wp\/v2\/types\/page"}],"author":[{"embeddable":true,"href":"https:\/\/physio-sonjaburri.ch\/index.php?rest_route=\/wp\/v2\/users\/2"}],"replies":[{"embeddable":true,"href":"https:\/\/physio-sonjaburri.ch\/index.php?rest_route=%2Fwp%2Fv2%2Fcomments&post=47"}],"version-history":[{"count":11,"href":"https:\/\/physio-sonjaburri.ch\/index.php?rest_route=\/wp\/v2\/pages\/47\/revisions"}],"predecessor-version":[{"id":156,"href":"https:\/\/physio-sonjaburri.ch\/index.php?rest_route=\/wp\/v2\/pages\/47\/revisions\/156"}],"wp:attachment":[{"href":"https:\/\/physio-sonjaburri.ch\/index.php?rest_route=%2Fwp%2Fv2%2Fmedia&parent=47"}],"curies":[{"name":"wp","href":"https:\/\/api.w.org\/{rel}","templated":true}]}}