{"id":20,"date":"2018-12-30T14:15:18","date_gmt":"2018-12-30T13:15:18","guid":{"rendered":"https:\/\/physio-sonjaburri.ch\/?page_id=20"},"modified":"2023-11-20T10:41:54","modified_gmt":"2023-11-20T09:41:54","slug":"startseite","status":"publish","type":"page","link":"https:\/\/physio-sonjaburri.ch\/","title":{"rendered":"Willkommen"},"content":{"rendered":"\n<p><strong>Zusammen erreicht man mehr als allein<\/strong><\/p>\n\n\n\n<p>Ich sehe den Physiotherapeuten als Coach, Motivator und Helfer. Dies bedingt ein Engagement sowohl vom Therapeuten als auch vom Patienten.<\/p>\n\n\n\n<p>Das Ziel der Therapie ist, die Ursache von Beschwerden anzugehen, um die Lebensqualit\u00e4t nachhaltig zu verbessern. Hierzu werden passive Massnahmen sowie gezielte funktionelle \u00dcbungen eingesetzt. <\/p>\n\n\n\n<p>Bewegungsmangel und Fehlbelastungen sind die Ursachen f\u00fcr diverse Beschwerdebilder. Diese aber auch Folgen von Unf\u00e4llen und Krankheiten k\u00f6nnen in der Physiotherapie behandelt werden.<\/p>\n\n\n\n<p><strong>Aktuell<\/strong><\/p>\n\n\n\n<p>Ab November 2023 arbeite ich wieder Montag und Freitag.<\/p>\n\n\n\n<p>Zus\u00e4tzlich arbeitet neu am Dienstag und am Donnerstag Nicole Mathieu als Physiotherapeutin in den R\u00e4umlichkeiten.<\/p>\n\n\n\n<figure class=\"wp-block-image size-large\"><img loading=\"lazy\" decoding=\"async\" width=\"1024\" height=\"683\" src=\"https:\/\/physio-sonjaburri.ch\/wp-content\/uploads\/2020\/05\/liege-1024x683.jpg\" alt=\"\" class=\"wp-image-163\" srcset=\"https:\/\/physio-sonjaburri.ch\/wp-content\/uploads\/2020\/05\/liege-1024x683.jpg 1024w, https:\/\/physio-sonjaburri.ch\/wp-content\/uploads\/2020\/05\/liege-300x200.jpg 300w, https:\/\/physio-sonjaburri.ch\/wp-content\/uploads\/2020\/05\/liege-768x512.jpg 768w, https:\/\/physio-sonjaburri.ch\/wp-content\/uploads\/2020\/05\/liege-1536x1024.jpg 1536w, https:\/\/physio-sonjaburri.ch\/wp-content\/uploads\/2020\/05\/liege-2048x1365.jpg 2048w\" sizes=\"auto, (max-width: 767px) 89vw, (max-width: 1000px) 54vw, (max-width: 1071px) 543px, 580px\" \/><\/figure>\n\n\n\n<p><strong>Information Coronavirus<\/strong><\/p>\n\n\n\n<p>Patienten, die einer Risikogruppe angeh\u00f6ren, werden gebeten mich zu informieren.<br>Hierzu geh\u00f6ren Personen \u00fcber 65 Jahre und mit bestehenden Vorerkrankungen (Bluthochdruck, Chronische Atemwegserkrankungen, Diabetes, Erkrankungen und Therapien, die das Immunsystem schw\u00e4chen, Herz-Kreislauf-Erkrankungen und Krebs).<\/p>\n\n\n\n<p>Die Patienten werden gebeten die Regeln des BAG einzuhalten. Weiter sind im Eingangsbereich Informationen zum Hygienekonzept angeschlagen, bitte lesen sie diese aufmerksam durch.<\/p>\n\n\n\n<p>Wer sich krank f\u00fchlt, Fieber hat oder hustet, bleibt zwingend zuhause.<\/p>\n\n\n\n<p><strong>Therapier\u00e4umlichkeit zur Untermiete<\/strong><\/p>\n\n\n\n<p>Ab sofort oder nach Vereinbarung biete ich attraktive und vollausgestattete R\u00e4umlichkeiten zur Untermiete zur Verf\u00fcgung. <\/p>\n\n\n\n<p>Ich suche jemanden der selbstst\u00e4ndig in der Physiotherapie t\u00e4tig ist, oder sich selbstst\u00e4ndig machen m\u00f6chte. Bitte melde dich f\u00fcr weitere Informationen, Bilder oder ein Gespr\u00e4ch.<\/p>\n","protected":false},"excerpt":{"rendered":"<p>Zusammen erreicht man mehr als allein Ich sehe den Physiotherapeuten als Coach, Motivator und Helfer. Dies bedingt ein Engagement sowohl vom Therapeuten als auch vom Patienten. Das Ziel der Therapie ist, die Ursache von Beschwerden anzugehen, um die Lebensqualit\u00e4t nachhaltig zu verbessern. Hierzu werden passive Massnahmen sowie gezielte funktionelle \u00dcbungen eingesetzt. Bewegungsmangel und Fehlbelastungen sind &hellip; <\/p>\n<p class=\"link-more\"><a href=\"https:\/\/physio-sonjaburri.ch\/\" class=\"more-link\"><span class=\"screen-reader-text\">\u201eWillkommen\u201c <\/span>weiterlesen<\/a><\/p>\n","protected":false},"author":1,"featured_media":0,"parent":0,"menu_order":0,"comment_status":"closed","ping_status":"closed","template":"","meta":{"footnotes":""},"class_list":["post-20","page","type-page","status-publish","hentry"],"yoast_head":"<!-- This site is optimized with the Yoast SEO plugin v27.4 - https:\/\/yoast.com\/product\/yoast-seo-wordpress\/ -->\n<title>Willkommen - Physiotherapie Sonja Burri<\/title>\n<meta name=\"robots\" content=\"index, follow, max-snippet:-1, max-image-preview:large, max-video-preview:-1\" \/>\n<link rel=\"canonical\" href=\"https:\/\/physio-sonjaburri.ch\/\" \/>\n<meta property=\"og:locale\" content=\"de_DE\" \/>\n<meta property=\"og:type\" content=\"article\" \/>\n<meta property=\"og:title\" content=\"Willkommen - Physiotherapie Sonja Burri\" \/>\n<meta property=\"og:description\" content=\"Zusammen erreicht man mehr als allein Ich sehe den Physiotherapeuten als Coach, Motivator und Helfer. Dies bedingt ein Engagement sowohl vom Therapeuten als auch vom Patienten. Das Ziel der Therapie ist, die Ursache von Beschwerden anzugehen, um die Lebensqualit\u00e4t nachhaltig zu verbessern. Hierzu werden passive Massnahmen sowie gezielte funktionelle \u00dcbungen eingesetzt. Bewegungsmangel und Fehlbelastungen sind &hellip; \u201eWillkommen\u201c weiterlesen\" \/>\n<meta property=\"og:url\" content=\"https:\/\/physio-sonjaburri.ch\/\" \/>\n<meta property=\"og:site_name\" content=\"Physiotherapie Sonja Burri\" \/>\n<meta property=\"article:publisher\" content=\"https:\/\/www.facebook.com\/Physiotherapie-Sonja-Burri-2219405908318278\/\" \/>\n<meta property=\"article:modified_time\" content=\"2023-11-20T09:41:54+00:00\" \/>\n<meta property=\"og:image\" content=\"https:\/\/physio-sonjaburri.ch\/wp-content\/uploads\/2020\/05\/liege-1024x683.jpg\" \/>\n<meta name=\"twitter:card\" content=\"summary_large_image\" \/>\n<meta name=\"twitter:label1\" content=\"Gesch\u00e4tzte Lesezeit\" \/>\n\t<meta name=\"twitter:data1\" content=\"2\u00a0Minuten\" \/>\n<script type=\"application\/ld+json\" class=\"yoast-schema-graph\">{\"@context\":\"https:\\\/\\\/schema.org\",\"@graph\":[{\"@type\":\"WebPage\",\"@id\":\"https:\\\/\\\/physio-sonjaburri.ch\\\/\",\"url\":\"https:\\\/\\\/physio-sonjaburri.ch\\\/\",\"name\":\"Willkommen - Physiotherapie Sonja Burri\",\"isPartOf\":{\"@id\":\"https:\\\/\\\/physio-sonjaburri.ch\\\/#website\"},\"primaryImageOfPage\":{\"@id\":\"https:\\\/\\\/physio-sonjaburri.ch\\\/#primaryimage\"},\"image\":{\"@id\":\"https:\\\/\\\/physio-sonjaburri.ch\\\/#primaryimage\"},\"thumbnailUrl\":\"https:\\\/\\\/physio-sonjaburri.ch\\\/wp-content\\\/uploads\\\/2020\\\/05\\\/liege-1024x683.jpg\",\"datePublished\":\"2018-12-30T13:15:18+00:00\",\"dateModified\":\"2023-11-20T09:41:54+00:00\",\"breadcrumb\":{\"@id\":\"https:\\\/\\\/physio-sonjaburri.ch\\\/#breadcrumb\"},\"inLanguage\":\"de\",\"potentialAction\":[{\"@type\":\"ReadAction\",\"target\":[\"https:\\\/\\\/physio-sonjaburri.ch\\\/\"]}]},{\"@type\":\"ImageObject\",\"inLanguage\":\"de\",\"@id\":\"https:\\\/\\\/physio-sonjaburri.ch\\\/#primaryimage\",\"url\":\"https:\\\/\\\/physio-sonjaburri.ch\\\/wp-content\\\/uploads\\\/2020\\\/05\\\/liege-scaled.jpg\",\"contentUrl\":\"https:\\\/\\\/physio-sonjaburri.ch\\\/wp-content\\\/uploads\\\/2020\\\/05\\\/liege-scaled.jpg\",\"width\":2560,\"height\":1707},{\"@type\":\"BreadcrumbList\",\"@id\":\"https:\\\/\\\/physio-sonjaburri.ch\\\/#breadcrumb\",\"itemListElement\":[{\"@type\":\"ListItem\",\"position\":1,\"name\":\"Startseite\",\"item\":\"https:\\\/\\\/physio-sonjaburri.ch\\\/\"},{\"@type\":\"ListItem\",\"position\":2,\"name\":\"Willkommen\"}]},{\"@type\":\"WebSite\",\"@id\":\"https:\\\/\\\/physio-sonjaburri.ch\\\/#website\",\"url\":\"https:\\\/\\\/physio-sonjaburri.ch\\\/\",\"name\":\"Physiotherapie Sonja Burri\",\"description\":\"\",\"publisher\":{\"@id\":\"https:\\\/\\\/physio-sonjaburri.ch\\\/#organization\"},\"potentialAction\":[{\"@type\":\"SearchAction\",\"target\":{\"@type\":\"EntryPoint\",\"urlTemplate\":\"https:\\\/\\\/physio-sonjaburri.ch\\\/?s={search_term_string}\"},\"query-input\":{\"@type\":\"PropertyValueSpecification\",\"valueRequired\":true,\"valueName\":\"search_term_string\"}}],\"inLanguage\":\"de\"},{\"@type\":\"Organization\",\"@id\":\"https:\\\/\\\/physio-sonjaburri.ch\\\/#organization\",\"name\":\"Physiotherapie Sonja Burri\",\"url\":\"https:\\\/\\\/physio-sonjaburri.ch\\\/\",\"logo\":{\"@type\":\"ImageObject\",\"inLanguage\":\"de\",\"@id\":\"https:\\\/\\\/physio-sonjaburri.ch\\\/#\\\/schema\\\/logo\\\/image\\\/\",\"url\":\"https:\\\/\\\/physio-sonjaburri.ch\\\/wp-content\\\/uploads\\\/2018\\\/12\\\/logo_800_hoch.png\",\"contentUrl\":\"https:\\\/\\\/physio-sonjaburri.ch\\\/wp-content\\\/uploads\\\/2018\\\/12\\\/logo_800_hoch.png\",\"width\":1317,\"height\":800,\"caption\":\"Physiotherapie Sonja Burri\"},\"image\":{\"@id\":\"https:\\\/\\\/physio-sonjaburri.ch\\\/#\\\/schema\\\/logo\\\/image\\\/\"},\"sameAs\":[\"https:\\\/\\\/www.facebook.com\\\/Physiotherapie-Sonja-Burri-2219405908318278\\\/\"]}]}<\/script>\n<!-- \/ Yoast SEO plugin. -->","yoast_head_json":{"title":"Willkommen - Physiotherapie Sonja Burri","robots":{"index":"index","follow":"follow","max-snippet":"max-snippet:-1","max-image-preview":"max-image-preview:large","max-video-preview":"max-video-preview:-1"},"canonical":"https:\/\/physio-sonjaburri.ch\/","og_locale":"de_DE","og_type":"article","og_title":"Willkommen - Physiotherapie Sonja Burri","og_description":"Zusammen erreicht man mehr als allein Ich sehe den Physiotherapeuten als Coach, Motivator und Helfer. Dies bedingt ein Engagement sowohl vom Therapeuten als auch vom Patienten. Das Ziel der Therapie ist, die Ursache von Beschwerden anzugehen, um die Lebensqualit\u00e4t nachhaltig zu verbessern. Hierzu werden passive Massnahmen sowie gezielte funktionelle \u00dcbungen eingesetzt. Bewegungsmangel und Fehlbelastungen sind &hellip; \u201eWillkommen\u201c weiterlesen","og_url":"https:\/\/physio-sonjaburri.ch\/","og_site_name":"Physiotherapie Sonja Burri","article_publisher":"https:\/\/www.facebook.com\/Physiotherapie-Sonja-Burri-2219405908318278\/","article_modified_time":"2023-11-20T09:41:54+00:00","og_image":[{"url":"https:\/\/physio-sonjaburri.ch\/wp-content\/uploads\/2020\/05\/liege-1024x683.jpg","type":"","width":"","height":""}],"twitter_card":"summary_large_image","twitter_misc":{"Gesch\u00e4tzte Lesezeit":"2\u00a0Minuten"},"schema":{"@context":"https:\/\/schema.org","@graph":[{"@type":"WebPage","@id":"https:\/\/physio-sonjaburri.ch\/","url":"https:\/\/physio-sonjaburri.ch\/","name":"Willkommen - Physiotherapie Sonja Burri","isPartOf":{"@id":"https:\/\/physio-sonjaburri.ch\/#website"},"primaryImageOfPage":{"@id":"https:\/\/physio-sonjaburri.ch\/#primaryimage"},"image":{"@id":"https:\/\/physio-sonjaburri.ch\/#primaryimage"},"thumbnailUrl":"https:\/\/physio-sonjaburri.ch\/wp-content\/uploads\/2020\/05\/liege-1024x683.jpg","datePublished":"2018-12-30T13:15:18+00:00","dateModified":"2023-11-20T09:41:54+00:00","breadcrumb":{"@id":"https:\/\/physio-sonjaburri.ch\/#breadcrumb"},"inLanguage":"de","potentialAction":[{"@type":"ReadAction","target":["https:\/\/physio-sonjaburri.ch\/"]}]},{"@type":"ImageObject","inLanguage":"de","@id":"https:\/\/physio-sonjaburri.ch\/#primaryimage","url":"https:\/\/physio-sonjaburri.ch\/wp-content\/uploads\/2020\/05\/liege-scaled.jpg","contentUrl":"https:\/\/physio-sonjaburri.ch\/wp-content\/uploads\/2020\/05\/liege-scaled.jpg","width":2560,"height":1707},{"@type":"BreadcrumbList","@id":"https:\/\/physio-sonjaburri.ch\/#breadcrumb","itemListElement":[{"@type":"ListItem","position":1,"name":"Startseite","item":"https:\/\/physio-sonjaburri.ch\/"},{"@type":"ListItem","position":2,"name":"Willkommen"}]},{"@type":"WebSite","@id":"https:\/\/physio-sonjaburri.ch\/#website","url":"https:\/\/physio-sonjaburri.ch\/","name":"Physiotherapie Sonja Burri","description":"","publisher":{"@id":"https:\/\/physio-sonjaburri.ch\/#organization"},"potentialAction":[{"@type":"SearchAction","target":{"@type":"EntryPoint","urlTemplate":"https:\/\/physio-sonjaburri.ch\/?s={search_term_string}"},"query-input":{"@type":"PropertyValueSpecification","valueRequired":true,"valueName":"search_term_string"}}],"inLanguage":"de"},{"@type":"Organization","@id":"https:\/\/physio-sonjaburri.ch\/#organization","name":"Physiotherapie Sonja Burri","url":"https:\/\/physio-sonjaburri.ch\/","logo":{"@type":"ImageObject","inLanguage":"de","@id":"https:\/\/physio-sonjaburri.ch\/#\/schema\/logo\/image\/","url":"https:\/\/physio-sonjaburri.ch\/wp-content\/uploads\/2018\/12\/logo_800_hoch.png","contentUrl":"https:\/\/physio-sonjaburri.ch\/wp-content\/uploads\/2018\/12\/logo_800_hoch.png","width":1317,"height":800,"caption":"Physiotherapie Sonja Burri"},"image":{"@id":"https:\/\/physio-sonjaburri.ch\/#\/schema\/logo\/image\/"},"sameAs":["https:\/\/www.facebook.com\/Physiotherapie-Sonja-Burri-2219405908318278\/"]}]}},"_links":{"self":[{"href":"https:\/\/physio-sonjaburri.ch\/index.php?rest_route=\/wp\/v2\/pages\/20","targetHints":{"allow":["GET"]}}],"collection":[{"href":"https:\/\/physio-sonjaburri.ch\/index.php?rest_route=\/wp\/v2\/pages"}],"about":[{"href":"https:\/\/physio-sonjaburri.ch\/index.php?rest_route=\/wp\/v2\/types\/page"}],"author":[{"embeddable":true,"href":"https:\/\/physio-sonjaburri.ch\/index.php?rest_route=\/wp\/v2\/users\/1"}],"replies":[{"embeddable":true,"href":"https:\/\/physio-sonjaburri.ch\/index.php?rest_route=%2Fwp%2Fv2%2Fcomments&post=20"}],"version-history":[{"count":27,"href":"https:\/\/physio-sonjaburri.ch\/index.php?rest_route=\/wp\/v2\/pages\/20\/revisions"}],"predecessor-version":[{"id":208,"href":"https:\/\/physio-sonjaburri.ch\/index.php?rest_route=\/wp\/v2\/pages\/20\/revisions\/208"}],"wp:attachment":[{"href":"https:\/\/physio-sonjaburri.ch\/index.php?rest_route=%2Fwp%2Fv2%2Fmedia&parent=20"}],"curies":[{"name":"wp","href":"https:\/\/api.w.org\/{rel}","templated":true}]}}